{"id":71,"date":"2022-05-30T11:19:49","date_gmt":"2022-05-30T09:19:49","guid":{"rendered":"https:\/\/troisiemecolline.org\/?page_id=71"},"modified":"2022-07-13T18:42:12","modified_gmt":"2022-07-13T16:42:12","slug":"les-actions","status":"publish","type":"page","link":"https:\/\/troisiemecolline.org\/index.php\/les-actions\/","title":{"rendered":"Les actions"},"content":{"rendered":"\n<p class=\"has-text-align-center tw-text-wide\">Nous organisons des \u00e9v\u00e9nements et interventions dans le quartier de la Duch\u00e8re, en lien avec les acteurs sociaux, \u00e9ducatifs et culturels.<\/p>\n\n\n\n<p class=\"has-large-font-size\"><strong><em><a href=\"https:\/\/troisiemecolline.org\/index.php\/un-ete-au-chateau\/\" data-type=\"URL\" data-id=\"https:\/\/troisiemecolline.org\/index.php\/un-ete-au-chateau\/\" target=\"_blank\" rel=\"noreferrer noopener\">Un \u00e9t\u00e9 au Ch\u00e2teau<\/a><\/em><\/strong><\/p>\n\n\n\n<p class=\"has-large-font-size\"><strong><em><a href=\"https:\/\/troisiemecolline.org\/index.php\/mon-chou\/\" data-type=\"URL\" data-id=\"https:\/\/troisiemecolline.org\/index.php\/mon-chou\/\" target=\"_blank\" rel=\"noreferrer noopener\">Mon chou<\/a><\/em><\/strong><\/p>\n\n\n\n<p class=\"has-large-font-size\"><strong><em><a href=\"https:\/\/troisiemecolline.org\/index.php\/scarabees-et-papillons\/\" data-type=\"URL\" data-id=\"https:\/\/troisiemecolline.org\/index.php\/scarabees-et-papillons\/\" target=\"_blank\" rel=\"noreferrer noopener\">Scarab\u00e9es et Papillons<\/a><\/em><\/strong><\/p>\n","protected":false},"excerpt":{"rendered":"<p>Nous organisons des \u00e9v\u00e9nements et interventions dans le quartier de la Duch\u00e8re, en lien avec les acteurs sociaux, \u00e9ducatifs et culturels. Un \u00e9t\u00e9 au Ch\u00e2teau Mon chou Scarab\u00e9es et Papillons<\/p>\n","protected":false},"author":1,"featured_media":0,"parent":0,"menu_order":0,"comment_status":"closed","ping_status":"closed","template":"","meta":{"footnotes":""},"class_list":["post-71","page","type-page","status-publish","hentry","entry"],"_links":{"self":[{"href":"https:\/\/troisiemecolline.org\/index.php\/wp-json\/wp\/v2\/pages\/71","targetHints":{"allow":["GET"]}}],"collection":[{"href":"https:\/\/troisiemecolline.org\/index.php\/wp-json\/wp\/v2\/pages"}],"about":[{"href":"https:\/\/troisiemecolline.org\/index.php\/wp-json\/wp\/v2\/types\/page"}],"author":[{"embeddable":true,"href":"https:\/\/troisiemecolline.org\/index.php\/wp-json\/wp\/v2\/users\/1"}],"replies":[{"embeddable":true,"href":"https:\/\/troisiemecolline.org\/index.php\/wp-json\/wp\/v2\/comments?post=71"}],"version-history":[{"count":6,"href":"https:\/\/troisiemecolline.org\/index.php\/wp-json\/wp\/v2\/pages\/71\/revisions"}],"predecessor-version":[{"id":155,"href":"https:\/\/troisiemecolline.org\/index.php\/wp-json\/wp\/v2\/pages\/71\/revisions\/155"}],"wp:attachment":[{"href":"https:\/\/troisiemecolline.org\/index.php\/wp-json\/wp\/v2\/media?parent=71"}],"curies":[{"name":"wp","href":"https:\/\/api.w.org\/{rel}","templated":true}]}}