{"id":5,"date":"2022-05-30T09:45:11","date_gmt":"2022-05-30T07:45:11","guid":{"rendered":"https:\/\/troisiemecolline.org\/?page_id=5"},"modified":"2024-11-29T14:51:26","modified_gmt":"2024-11-29T13:51:26","slug":"creez-votre-site-avec-des-blocs","status":"publish","type":"page","link":"https:\/\/troisiemecolline.org\/","title":{"rendered":"Bienvenue !"},"content":{"rendered":"\n<p class=\"has-text-align-center has-background has-extra-large-font-size\" style=\"background:linear-gradient(135deg,rgb(6,147,227) 0%,rgba(255,255,255,0.44) 38%,rgb(155,81,224) 100%)\"><strong>L&#8217;association troisi\u00e8meCOLLINE<\/strong><\/p>\n\n\n\n<p>Nous sommes des professionnels du monde de la culture, du social et de la sant\u00e9. Nous partageons un espace de travail et croisons nos comp\u00e9tences dans des projets collectifs. <\/p>\n\n\n\n<p class=\"has-white-color has-text-color\">Nous d\u00e9veloppons et tissons des liens avec le quartier de la Duch\u00e8re \u00e0 LYON : ses habitants, les acteurs culturels, les acteurs sociaux et \u00e9ducatifs, les professionnels de nos r\u00e9seaux.<\/p>\n\n\n\n<div style=\"height:100px\" aria-hidden=\"true\" class=\"wp-block-spacer\"><\/div>\n","protected":false},"excerpt":{"rendered":"<p>L&#8217;association troisi\u00e8meCOLLINE Nous sommes des professionnels du monde de la culture, du social et de la sant\u00e9. Nous partageons un espace de travail et croisons nos comp\u00e9tences dans des projets collectifs. Nous d\u00e9veloppons et tissons des liens avec le quartier de la Duch\u00e8re \u00e0 LYON : ses habitants, les acteurs culturels, les acteurs sociaux et&hellip; <a class=\"more-link\" href=\"https:\/\/troisiemecolline.org\/\">Continue reading <span class=\"screen-reader-text\">Bienvenue !<\/span><\/a><\/p>\n","protected":false},"author":1,"featured_media":30,"parent":0,"menu_order":0,"comment_status":"closed","ping_status":"closed","template":"tw-no-title.php","meta":{"footnotes":""},"class_list":["post-5","page","type-page","status-publish","has-post-thumbnail","hentry","entry"],"_links":{"self":[{"href":"https:\/\/troisiemecolline.org\/index.php\/wp-json\/wp\/v2\/pages\/5","targetHints":{"allow":["GET"]}}],"collection":[{"href":"https:\/\/troisiemecolline.org\/index.php\/wp-json\/wp\/v2\/pages"}],"about":[{"href":"https:\/\/troisiemecolline.org\/index.php\/wp-json\/wp\/v2\/types\/page"}],"author":[{"embeddable":true,"href":"https:\/\/troisiemecolline.org\/index.php\/wp-json\/wp\/v2\/users\/1"}],"replies":[{"embeddable":true,"href":"https:\/\/troisiemecolline.org\/index.php\/wp-json\/wp\/v2\/comments?post=5"}],"version-history":[{"count":66,"href":"https:\/\/troisiemecolline.org\/index.php\/wp-json\/wp\/v2\/pages\/5\/revisions"}],"predecessor-version":[{"id":747,"href":"https:\/\/troisiemecolline.org\/index.php\/wp-json\/wp\/v2\/pages\/5\/revisions\/747"}],"wp:featuredmedia":[{"embeddable":true,"href":"https:\/\/troisiemecolline.org\/index.php\/wp-json\/wp\/v2\/media\/30"}],"wp:attachment":[{"href":"https:\/\/troisiemecolline.org\/index.php\/wp-json\/wp\/v2\/media?parent=5"}],"curies":[{"name":"wp","href":"https:\/\/api.w.org\/{rel}","templated":true}]}}