{"id":145,"date":"2022-07-13T18:33:38","date_gmt":"2022-07-13T16:33:38","guid":{"rendered":"https:\/\/troisiemecolline.org\/?page_id=145"},"modified":"2022-07-13T20:15:02","modified_gmt":"2022-07-13T18:15:02","slug":"mon-chou","status":"publish","type":"page","link":"https:\/\/troisiemecolline.org\/index.php\/mon-chou\/","title":{"rendered":"Mon Chou"},"content":{"rendered":"\n<p>Intervention en trio aupr\u00e8s des 4 ans de la Maison de l&#8217;Enfance de la Duch\u00e8re m\u00ealant aliment, couleurs, traces, formes.<\/p>\n\n\n\n<p>Prendre un chou rouge : 1, travail en noir et blanc d&#8217;empreintes ; 2, fabrication d&#8217;encres violette, rouge, bleues, vertes ; 3, composition \u00e0 partir de papiers color\u00e9s aux encres de choux d\u00e9coup\u00e9es, d\u00e9chir\u00e9es et assembl\u00e9es ; 1+2+3 = exposition.<\/p>\n\n\n<div id=\"metaslider-id-192\" style=\"width: 100%;\" class=\"ml-slider-3-27-5 metaslider metaslider-flex metaslider-192 ml-slider\">\n    <div id=\"metaslider_container_192\">\n        <div id=\"metaslider_192\">\n            <ul aria-live=\"polite\" class=\"slides\">\n                <li style=\"display: block; width: 100%;\" class=\"slide-198 ms-image\"><img loading=\"lazy\" decoding=\"async\" src=\"https:\/\/troisiemecolline.org\/wp-content\/uploads\/2022\/07\/IMG-20220219-WA0000-1300x1500.jpg\" height=\"1500\" width=\"1300\" alt=\"\" class=\"slider-192 slide-198\" title=\"IMG-20220219-WA0000\" \/><\/li>\n                <li style=\"display: none; width: 100%;\" class=\"slide-215 ms-image\"><img loading=\"lazy\" decoding=\"async\" src=\"https:\/\/troisiemecolline.org\/wp-content\/uploads\/2022\/07\/IMG-20220215-WA0006-1289x1488.jpg\" height=\"1500\" width=\"1300\" alt=\"\" class=\"slider-192 slide-215\" title=\"IMG-20220215-WA0006\" \/><\/li>\n                <li style=\"display: none; width: 100%;\" class=\"slide-213 ms-image\"><img loading=\"lazy\" decoding=\"async\" src=\"https:\/\/troisiemecolline.org\/wp-content\/uploads\/2022\/07\/IMG_20220215_111026-scaled-1300x1500.jpg\" height=\"1500\" width=\"1300\" alt=\"\" class=\"slider-192 slide-213\" title=\"dav\" \/><div class=\"caption-wrap\"><div class=\"caption\">dav<\/div><\/div><\/li>\n                <li style=\"display: none; width: 100%;\" class=\"slide-196 ms-image\"><img loading=\"lazy\" decoding=\"async\" src=\"https:\/\/troisiemecolline.org\/wp-content\/uploads\/2022\/07\/IMG_20220215_111819-scaled-1300x1500.jpg\" height=\"1500\" width=\"1300\" alt=\"\" class=\"slider-192 slide-196\" title=\"dav\" \/><div class=\"caption-wrap\"><div class=\"caption\">dav<\/div><\/div><\/li>\n                <li style=\"display: none; width: 100%;\" class=\"slide-214 ms-image\"><img loading=\"lazy\" decoding=\"async\" src=\"https:\/\/troisiemecolline.org\/wp-content\/uploads\/2022\/07\/IMG_20220215_111924-scaled-1300x1500.jpg\" height=\"1500\" width=\"1300\" alt=\"\" class=\"slider-192 slide-214\" title=\"dav\" \/><div class=\"caption-wrap\"><div class=\"caption\">dav<\/div><\/div><\/li>\n                <li style=\"display: none; width: 100%;\" class=\"slide-217 ms-image\"><img loading=\"lazy\" decoding=\"async\" src=\"https:\/\/troisiemecolline.org\/wp-content\/uploads\/2022\/07\/IMG-20220216-WA0000-1300x1500.jpg\" height=\"1500\" width=\"1300\" alt=\"\" class=\"slider-192 slide-217\" title=\"IMG-20220216-WA0000\" \/><\/li>\n                <li style=\"display: none; width: 100%;\" class=\"slide-219 ms-image\"><img loading=\"lazy\" decoding=\"async\" src=\"https:\/\/troisiemecolline.org\/wp-content\/uploads\/2022\/07\/IMG-20220216-WA0008-1300x1500.jpg\" height=\"1500\" width=\"1300\" alt=\"\" class=\"slider-192 slide-219\" title=\"IMG-20220216-WA0008\" \/><\/li>\n                <li style=\"display: none; width: 100%;\" class=\"slide-218 ms-image\"><img loading=\"lazy\" decoding=\"async\" src=\"https:\/\/troisiemecolline.org\/wp-content\/uploads\/2022\/07\/IMG-20220216-WA0001-1300x1500.jpg\" height=\"1500\" width=\"1300\" alt=\"\" class=\"slider-192 slide-218\" title=\"IMG-20220216-WA0001\" \/><\/li>\n                <li style=\"display: none; width: 100%;\" class=\"slide-221 ms-image\"><img loading=\"lazy\" decoding=\"async\" src=\"https:\/\/troisiemecolline.org\/wp-content\/uploads\/2022\/07\/IMG-20220216-WA0013-1040x1200.jpg\" height=\"1500\" width=\"1300\" alt=\"\" class=\"slider-192 slide-221\" title=\"IMG-20220216-WA0013\" \/><\/li>\n                <li style=\"display: none; width: 100%;\" class=\"slide-223 ms-image\"><img loading=\"lazy\" decoding=\"async\" src=\"https:\/\/troisiemecolline.org\/wp-content\/uploads\/2022\/07\/IMG-20220217-WA0001-1300x1500.jpg\" height=\"1500\" width=\"1300\" alt=\"\" class=\"slider-192 slide-223\" title=\"IMG-20220217-WA0001\" \/><\/li>\n                <li style=\"display: none; width: 100%;\" class=\"slide-224 ms-image\"><img loading=\"lazy\" decoding=\"async\" src=\"https:\/\/troisiemecolline.org\/wp-content\/uploads\/2022\/07\/IMG-20220217-WA0002-1300x1500.jpg\" height=\"1500\" width=\"1300\" alt=\"\" class=\"slider-192 slide-224\" title=\"IMG-20220217-WA0002\" \/><\/li>\n                <li style=\"display: none; width: 100%;\" class=\"slide-225 ms-image\"><img loading=\"lazy\" decoding=\"async\" src=\"https:\/\/troisiemecolline.org\/wp-content\/uploads\/2022\/07\/IMG-20220217-WA0003-1300x1500.jpg\" height=\"1500\" width=\"1300\" alt=\"\" class=\"slider-192 slide-225\" title=\"IMG-20220217-WA0003\" \/><\/li>\n                <li style=\"display: none; width: 100%;\" class=\"slide-222 ms-image\"><img loading=\"lazy\" decoding=\"async\" src=\"https:\/\/troisiemecolline.org\/wp-content\/uploads\/2022\/07\/IMG-20220217-WA0000-1300x1500.jpg\" height=\"1500\" width=\"1300\" alt=\"\" class=\"slider-192 slide-222\" title=\"IMG-20220217-WA0000\" \/><\/li>\n                <li style=\"display: none; width: 100%;\" class=\"slide-226 ms-image\"><img loading=\"lazy\" decoding=\"async\" src=\"https:\/\/troisiemecolline.org\/wp-content\/uploads\/2022\/07\/IMG-20220217-WA0005-1300x1500.jpg\" height=\"1500\" width=\"1300\" alt=\"\" class=\"slider-192 slide-226\" title=\"IMG-20220217-WA0005\" \/><\/li>\n                <li style=\"display: none; width: 100%;\" class=\"slide-232 ms-image\"><img loading=\"lazy\" decoding=\"async\" src=\"https:\/\/troisiemecolline.org\/wp-content\/uploads\/2022\/07\/IMG-20220219-WA0002-1300x1500.jpg\" height=\"1500\" width=\"1300\" alt=\"\" class=\"slider-192 slide-232\" title=\"IMG-20220219-WA0002\" \/><\/li>\n                <li style=\"display: none; width: 100%;\" class=\"slide-234 ms-image\"><img loading=\"lazy\" decoding=\"async\" src=\"https:\/\/troisiemecolline.org\/wp-content\/uploads\/2022\/07\/IMG-20220219-WA0006-1300x1500.jpg\" height=\"1500\" width=\"1300\" alt=\"\" class=\"slider-192 slide-234\" title=\"IMG-20220219-WA0006\" \/><\/li>\n                <li style=\"display: none; width: 100%;\" class=\"slide-231 ms-image\"><img loading=\"lazy\" decoding=\"async\" src=\"https:\/\/troisiemecolline.org\/wp-content\/uploads\/2022\/07\/IMG-20220219-WA0001-1300x1500.jpg\" height=\"1500\" width=\"1300\" alt=\"\" class=\"slider-192 slide-231\" title=\"IMG-20220219-WA0001\" \/><\/li>\n            <\/ul>\n        <\/div>\n        \n    <\/div>\n<\/div>\n","protected":false},"excerpt":{"rendered":"<p>Intervention en trio aupr\u00e8s des 4 ans de la Maison de l&#8217;Enfance de la Duch\u00e8re m\u00ealant aliment, couleurs, traces, formes. Prendre un chou rouge : 1, travail en noir et blanc d&#8217;empreintes ; 2, fabrication d&#8217;encres violette, rouge, bleues, vertes ; 3, composition \u00e0 partir de papiers color\u00e9s aux encres de choux d\u00e9coup\u00e9es, d\u00e9chir\u00e9es et&hellip; <a class=\"more-link\" href=\"https:\/\/troisiemecolline.org\/index.php\/mon-chou\/\">Continue reading <span class=\"screen-reader-text\">Mon Chou<\/span><\/a><\/p>\n","protected":false},"author":1,"featured_media":0,"parent":0,"menu_order":0,"comment_status":"closed","ping_status":"closed","template":"","meta":{"footnotes":""},"class_list":["post-145","page","type-page","status-publish","hentry","entry"],"_links":{"self":[{"href":"https:\/\/troisiemecolline.org\/index.php\/wp-json\/wp\/v2\/pages\/145","targetHints":{"allow":["GET"]}}],"collection":[{"href":"https:\/\/troisiemecolline.org\/index.php\/wp-json\/wp\/v2\/pages"}],"about":[{"href":"https:\/\/troisiemecolline.org\/index.php\/wp-json\/wp\/v2\/types\/page"}],"author":[{"embeddable":true,"href":"https:\/\/troisiemecolline.org\/index.php\/wp-json\/wp\/v2\/users\/1"}],"replies":[{"embeddable":true,"href":"https:\/\/troisiemecolline.org\/index.php\/wp-json\/wp\/v2\/comments?post=145"}],"version-history":[{"count":6,"href":"https:\/\/troisiemecolline.org\/index.php\/wp-json\/wp\/v2\/pages\/145\/revisions"}],"predecessor-version":[{"id":242,"href":"https:\/\/troisiemecolline.org\/index.php\/wp-json\/wp\/v2\/pages\/145\/revisions\/242"}],"wp:attachment":[{"href":"https:\/\/troisiemecolline.org\/index.php\/wp-json\/wp\/v2\/media?parent=145"}],"curies":[{"name":"wp","href":"https:\/\/api.w.org\/{rel}","templated":true}]}}