{"id":141,"date":"2022-07-13T18:32:59","date_gmt":"2022-07-13T16:32:59","guid":{"rendered":"https:\/\/troisiemecolline.org\/?page_id=141"},"modified":"2024-10-11T15:52:25","modified_gmt":"2024-10-11T13:52:25","slug":"un-ete-au-chateau","status":"publish","type":"page","link":"https:\/\/troisiemecolline.org\/index.php\/un-ete-au-chateau\/","title":{"rendered":"Un \u00e9t\u00e9 au Ch\u00e2teau"},"content":{"rendered":"\n<p>Journ\u00e9es d&#8217;ateliers d&#8217;expression et de d\u00e9couverte : peinture, cuisine, yoga, construction, jardinage, \u00e9criture, projection de film &#8230; Les activit\u00e9s sont install\u00e9es dans l&#8217;all\u00e9e bord\u00e9e d&#8217;arbres de la cour de l&#8217;\u00e9cole des Foug\u00e8res. Tout public, gratuit, sans inscription.<\/p>\n\n\n\n<p class=\"has-large-font-size\"><strong><em>\u00c9dition 2024<\/em><\/strong><\/p>\n\n\n\n<h2 class=\"wp-block-heading has-red-background-color has-background\">Un printemps au Ch\u00e2teau<\/h2>\n\n\n\n<p class=\"has-text-align-left has-green-background-color has-background\"> Au Centre social Sauvegarde : 7 juin et 11 juin<\/p>\n\n\n\n<p class=\"has-text-align-left has-green-background-color has-background\">A la Duchesse : 3 juillet, 15h-17h et 5 juillet, 17h -19h,<br>L&#8217;atelier des Motifs<\/p>\n\n\n\n<p class=\"has-text-align-left has-green-background-color has-background\">Dans le cadre des Jeudis de l\u2019\u00c9t\u00e9 :<br>18 Juillet, place de l&#8217;abb\u00e9 Pierre, Lyon 9,<br>Atelier cuisine, 16h30 &#8211; 18h<br>Atelier dessin et d\u00e9coupage : 18h30-20h<\/p>\n\n\n\n<h2 class=\"wp-block-heading has-red-background-color has-background\">Un \u00e9t\u00e9 au Ch\u00e2teau<\/h2>\n\n\n\n<p class=\"has-green-background-color has-background\">13 Juillet 2024 &#8211; 16h-20h<br>cour de l&#8217;\u00e9cole des Foug\u00e8res, Lyon 9<\/p>\n\n\n\n<figure class=\"wp-block-image size-large\"><img loading=\"lazy\" decoding=\"async\" width=\"724\" height=\"1024\" src=\"http:\/\/troisiemecolline.org\/wp-content\/uploads\/2024\/06\/affiche_logos_ok_UEAC_2024_troisiemecolline-724x1024.jpg\" alt=\"\" class=\"wp-image-734\" srcset=\"https:\/\/troisiemecolline.org\/wp-content\/uploads\/2024\/06\/affiche_logos_ok_UEAC_2024_troisiemecolline-724x1024.jpg 724w, https:\/\/troisiemecolline.org\/wp-content\/uploads\/2024\/06\/affiche_logos_ok_UEAC_2024_troisiemecolline-212x300.jpg 212w, https:\/\/troisiemecolline.org\/wp-content\/uploads\/2024\/06\/affiche_logos_ok_UEAC_2024_troisiemecolline-768x1086.jpg 768w, https:\/\/troisiemecolline.org\/wp-content\/uploads\/2024\/06\/affiche_logos_ok_UEAC_2024_troisiemecolline.jpg 842w\" sizes=\"auto, (max-width: 724px) 100vw, 724px\" \/><\/figure>\n\n\n\n<p class=\"has-large-font-size\"><strong><em>\u00c9dition 2023<\/em><\/strong><\/p>\n\n\n\n<h2 class=\"wp-block-heading has-red-background-color has-background\">Un printemps au Ch\u00e2teau<\/h2>\n\n\n\n<p class=\"has-text-align-left has-green-background-color has-background\"><strong>28 Juin, 5 Juillet et 7 Juillet : ateliers gratuits ouverts \u00e0 tous, \u00e0 la MJC Duch\u00e8re et \u00e0 la Duchesse, Lyon 9.<\/strong> 29 et 30 Juin au Coll\u00e8ge Schoelcher \u00e0 destination des coll\u00e9giens.<\/p>\n\n\n\n<p>Deux dates \u00e0 la MJC Duch\u00e8re :<\/p>\n\n\n\n<figure class=\"wp-block-image size-full\"><img loading=\"lazy\" decoding=\"async\" width=\"842\" height=\"595\" src=\"https:\/\/troisiemecolline.org\/wp-content\/uploads\/2023\/06\/ateliers_MJC_il-etait-une-fois-2.jpg\" alt=\"\" class=\"wp-image-629\" srcset=\"https:\/\/troisiemecolline.org\/wp-content\/uploads\/2023\/06\/ateliers_MJC_il-etait-une-fois-2.jpg 842w, https:\/\/troisiemecolline.org\/wp-content\/uploads\/2023\/06\/ateliers_MJC_il-etait-une-fois-2-300x212.jpg 300w, https:\/\/troisiemecolline.org\/wp-content\/uploads\/2023\/06\/ateliers_MJC_il-etait-une-fois-2-768x543.jpg 768w\" sizes=\"auto, (max-width: 842px) 100vw, 842px\" \/><\/figure>\n\n\n\n<p>Deux dates \u00e0 la Duchesse, occupation temporaire du Ch\u00e2teau :<\/p>\n\n\n\n<figure class=\"wp-block-image size-full\"><img loading=\"lazy\" decoding=\"async\" width=\"595\" height=\"842\" src=\"https:\/\/troisiemecolline.org\/wp-content\/uploads\/2023\/06\/l_atelier_des_motifs_troisiemecolline_2023-2.jpg\" alt=\"\" class=\"wp-image-628\" srcset=\"https:\/\/troisiemecolline.org\/wp-content\/uploads\/2023\/06\/l_atelier_des_motifs_troisiemecolline_2023-2.jpg 595w, https:\/\/troisiemecolline.org\/wp-content\/uploads\/2023\/06\/l_atelier_des_motifs_troisiemecolline_2023-2-212x300.jpg 212w\" sizes=\"auto, (max-width: 595px) 100vw, 595px\" \/><\/figure>\n\n\n\n<p>Deux dates au coll\u00e8ge Schoelcher, pour les coll\u00e9giens avec l&#8217;atelier &#8220;Cuisine typographique&#8221; m\u00ealant cuisine et graphisme, les 29 et 30 juin. Avec Coline Girerd et Juliette Cortes.<\/p>\n\n\n\n<h2 class=\"wp-block-heading has-red-background-color has-background\">Un \u00e9t\u00e9 au Ch\u00e2teau<\/h2>\n\n\n\n<p class=\"has-green-background-color has-background\"><strong>21 et 22 Juillet : six ateliers gratuits et ouverts \u00e0 tous, en plein air dans la cours de l&#8217;\u00e9cole des Foug\u00e8res, Lyon 9.<\/strong><\/p>\n\n\n\n<figure class=\"wp-block-image size-large\"><img loading=\"lazy\" decoding=\"async\" width=\"724\" height=\"1024\" src=\"http:\/\/troisiemecolline.org\/wp-content\/uploads\/2023\/06\/affiche_un_ete_au_chateau_A4_2023-724x1024.jpg\" alt=\"\" class=\"wp-image-615\" srcset=\"https:\/\/troisiemecolline.org\/wp-content\/uploads\/2023\/06\/affiche_un_ete_au_chateau_A4_2023-724x1024.jpg 724w, https:\/\/troisiemecolline.org\/wp-content\/uploads\/2023\/06\/affiche_un_ete_au_chateau_A4_2023-212x300.jpg 212w, https:\/\/troisiemecolline.org\/wp-content\/uploads\/2023\/06\/affiche_un_ete_au_chateau_A4_2023-768x1086.jpg 768w, https:\/\/troisiemecolline.org\/wp-content\/uploads\/2023\/06\/affiche_un_ete_au_chateau_A4_2023-1086x1536.jpg 1086w, https:\/\/troisiemecolline.org\/wp-content\/uploads\/2023\/06\/affiche_un_ete_au_chateau_A4_2023.jpg 1240w\" sizes=\"auto, (max-width: 724px) 100vw, 724px\" \/><\/figure>\n\n\n\n<p class=\"has-large-font-size\"><strong><em>\u00c9dition 2022<\/em><\/strong><\/p>\n\n\n<div id=\"metaslider-id-289\" style=\"width: 100%;\" class=\"ml-slider-3-27-5 metaslider metaslider-flex metaslider-289 ml-slider\">\n    <div id=\"metaslider_container_289\">\n        <div id=\"metaslider_289\">\n            <ul aria-live=\"polite\" class=\"slides\">\n                <li style=\"display: block; width: 100%;\" class=\"slide-394 ms-image\"><img loading=\"lazy\" decoding=\"async\" src=\"https:\/\/troisiemecolline.org\/wp-content\/uploads\/2022\/07\/A_ueac22_ambiance_01-1024x768.jpg\" height=\"768\" width=\"1024\" alt=\"\" class=\"slider-289 slide-394\" title=\"A_ueac22_ambiance_01\" \/><\/li>\n                <li style=\"display: none; width: 100%;\" class=\"slide-395 ms-image\"><img loading=\"lazy\" decoding=\"async\" src=\"https:\/\/troisiemecolline.org\/wp-content\/uploads\/2022\/07\/img_8135_emma_pecqueux-1024x768.jpg\" height=\"768\" width=\"1024\" alt=\"\" class=\"slider-289 slide-395\" title=\"img_8135_emma_pecqueux\" \/><div class=\"caption-wrap\"><div class=\"caption\">\u00a9Emma Pecqueux<\/div><\/div><\/li>\n                <li style=\"display: none; width: 100%;\" class=\"slide-396 ms-image\"><img loading=\"lazy\" decoding=\"async\" src=\"https:\/\/troisiemecolline.org\/wp-content\/uploads\/2022\/07\/img_8134_emma_pecqueux-1024x768.jpg\" height=\"768\" width=\"1024\" alt=\"\" class=\"slider-289 slide-396\" title=\"img_8134_emma_pecqueux\" \/><div class=\"caption-wrap\"><div class=\"caption\">\u00a9Emma Pecqueux<\/div><\/div><\/li>\n                <li style=\"display: none; width: 100%;\" class=\"slide-397 ms-image\"><img loading=\"lazy\" decoding=\"async\" src=\"https:\/\/troisiemecolline.org\/wp-content\/uploads\/2022\/07\/IMG_8133-1024x768.jpg\" height=\"768\" width=\"1024\" alt=\"\" class=\"slider-289 slide-397\" title=\"IMG_8133\" \/><\/li>\n                <li style=\"display: none; width: 100%;\" class=\"slide-398 ms-image\"><img loading=\"lazy\" decoding=\"async\" src=\"https:\/\/troisiemecolline.org\/wp-content\/uploads\/2022\/07\/IMG_8118-768x576.jpg\" height=\"768\" width=\"1024\" alt=\"\" class=\"slider-289 slide-398\" title=\"IMG_8118\" \/><\/li>\n                <li style=\"display: none; width: 100%;\" class=\"slide-399 ms-image\"><img loading=\"lazy\" decoding=\"async\" src=\"https:\/\/troisiemecolline.org\/wp-content\/uploads\/2022\/07\/IMG_8119-1024x768.jpg\" height=\"768\" width=\"1024\" alt=\"\" class=\"slider-289 slide-399\" title=\"IMG_8119\" \/><\/li>\n                <li style=\"display: none; width: 100%;\" class=\"slide-400 ms-image\"><img loading=\"lazy\" decoding=\"async\" src=\"https:\/\/troisiemecolline.org\/wp-content\/uploads\/2022\/07\/IMG_8115-1024x768.jpg\" height=\"768\" width=\"1024\" alt=\"\" class=\"slider-289 slide-400\" title=\"IMG_8115\" \/><\/li>\n                <li style=\"display: none; width: 100%;\" class=\"slide-401 ms-image\"><img loading=\"lazy\" decoding=\"async\" src=\"https:\/\/troisiemecolline.org\/wp-content\/uploads\/2022\/07\/IMG_8087_emma_pecqueux-1024x768.jpg\" height=\"768\" width=\"1024\" alt=\"\" class=\"slider-289 slide-401\" title=\"IMG_8087_emma_pecqueux\" \/><div class=\"caption-wrap\"><div class=\"caption\">\u00a9Emma Pecqueux<\/div><\/div><\/li>\n                <li style=\"display: none; width: 100%;\" class=\"slide-402 ms-image\"><img loading=\"lazy\" decoding=\"async\" src=\"https:\/\/troisiemecolline.org\/wp-content\/uploads\/2022\/07\/IMG_8114-1024x768.jpg\" height=\"768\" width=\"1024\" alt=\"\" class=\"slider-289 slide-402\" title=\"IMG_8114\" \/><\/li>\n                <li style=\"display: none; width: 100%;\" class=\"slide-403 ms-image\"><img loading=\"lazy\" decoding=\"async\" src=\"https:\/\/troisiemecolline.org\/wp-content\/uploads\/2022\/07\/IMG_8086_emma_pecqueux-1024x768.jpg\" height=\"768\" width=\"1024\" alt=\"\" class=\"slider-289 slide-403\" title=\"IMG_8086_emma_pecqueux\" \/><div class=\"caption-wrap\"><div class=\"caption\">\u00a9Emma Pecqueux<\/div><\/div><\/li>\n                <li style=\"display: none; width: 100%;\" class=\"slide-404 ms-image\"><img loading=\"lazy\" decoding=\"async\" src=\"https:\/\/troisiemecolline.org\/wp-content\/uploads\/2022\/07\/IMG_8085_emma_pecqueux-1024x768.jpg\" height=\"768\" width=\"1024\" alt=\"\" class=\"slider-289 slide-404\" title=\"IMG_8085_emma_pecqueux\" \/><div class=\"caption-wrap\"><div class=\"caption\">\u00a9Emma Pecqueux<\/div><\/div><\/li>\n                <li style=\"display: none; width: 100%;\" class=\"slide-405 ms-image\"><img loading=\"lazy\" decoding=\"async\" src=\"https:\/\/troisiemecolline.org\/wp-content\/uploads\/2022\/07\/IMG_8084-1024x768.jpg\" height=\"768\" width=\"1024\" alt=\"\" class=\"slider-289 slide-405\" title=\"IMG_8084\" \/><\/li>\n                <li style=\"display: none; width: 100%;\" class=\"slide-406 ms-image\"><img loading=\"lazy\" decoding=\"async\" src=\"https:\/\/troisiemecolline.org\/wp-content\/uploads\/2022\/07\/IMG_8083-1024x768.jpg\" height=\"768\" width=\"1024\" alt=\"\" class=\"slider-289 slide-406\" title=\"IMG_8083\" \/><\/li>\n                <li style=\"display: none; width: 100%;\" class=\"slide-407 ms-image\"><img loading=\"lazy\" decoding=\"async\" src=\"https:\/\/troisiemecolline.org\/wp-content\/uploads\/2022\/07\/IMG_8081-1024x768.jpg\" height=\"768\" width=\"1024\" alt=\"\" class=\"slider-289 slide-407\" title=\"IMG_8081\" \/><\/li>\n                <li style=\"display: none; width: 100%;\" class=\"slide-408 ms-image\"><img loading=\"lazy\" decoding=\"async\" src=\"https:\/\/troisiemecolline.org\/wp-content\/uploads\/2022\/07\/IMG_8076b-911x683.jpg\" height=\"768\" width=\"1024\" alt=\"\" class=\"slider-289 slide-408\" title=\"IMG_8076b\" \/><\/li>\n                <li style=\"display: none; width: 100%;\" class=\"slide-409 ms-image\"><img loading=\"lazy\" decoding=\"async\" src=\"https:\/\/troisiemecolline.org\/wp-content\/uploads\/2022\/07\/IMG_8047-1024x768.jpg\" height=\"768\" width=\"1024\" alt=\"\" class=\"slider-289 slide-409\" title=\"IMG_8047\" \/><\/li>\n                <li style=\"display: none; width: 100%;\" class=\"slide-410 ms-image\"><img loading=\"lazy\" decoding=\"async\" src=\"https:\/\/troisiemecolline.org\/wp-content\/uploads\/2022\/07\/IMG_8023-1024x768.jpg\" height=\"768\" width=\"1024\" alt=\"\" class=\"slider-289 slide-410\" title=\"IMG_8023\" \/><\/li>\n                <li style=\"display: none; width: 100%;\" class=\"slide-411 ms-image\"><img loading=\"lazy\" decoding=\"async\" src=\"https:\/\/troisiemecolline.org\/wp-content\/uploads\/2022\/07\/IMG_8022-1024x768.jpg\" height=\"768\" width=\"1024\" alt=\"\" class=\"slider-289 slide-411\" title=\"IMG_8022\" \/><\/li>\n                <li style=\"display: none; width: 100%;\" class=\"slide-412 ms-image\"><img loading=\"lazy\" decoding=\"async\" src=\"https:\/\/troisiemecolline.org\/wp-content\/uploads\/2022\/07\/IMG_7994-1024x768.jpg\" height=\"768\" width=\"1024\" alt=\"\" class=\"slider-289 slide-412\" title=\"IMG_7994\" \/><\/li>\n                <li style=\"display: none; width: 100%;\" class=\"slide-413 ms-image\"><img loading=\"lazy\" decoding=\"async\" src=\"https:\/\/troisiemecolline.org\/wp-content\/uploads\/2022\/07\/IMG_7990-1024x768.jpg\" height=\"768\" width=\"1024\" alt=\"\" class=\"slider-289 slide-413\" title=\"IMG_7990\" \/><\/li>\n                <li style=\"display: none; width: 100%;\" class=\"slide-414 ms-image\"><img loading=\"lazy\" decoding=\"async\" src=\"https:\/\/troisiemecolline.org\/wp-content\/uploads\/2022\/07\/IMG_7987-1024x768.jpg\" height=\"768\" width=\"1024\" alt=\"\" class=\"slider-289 slide-414\" title=\"IMG_7987\" \/><\/li>\n                <li style=\"display: none; width: 100%;\" class=\"slide-415 ms-image\"><img loading=\"lazy\" decoding=\"async\" src=\"https:\/\/troisiemecolline.org\/wp-content\/uploads\/2022\/07\/IMG_7988-1024x768.jpg\" height=\"768\" width=\"1024\" alt=\"\" class=\"slider-289 slide-415\" title=\"IMG_7988\" \/><\/li>\n                <li style=\"display: none; width: 100%;\" class=\"slide-416 ms-image\"><img loading=\"lazy\" decoding=\"async\" src=\"https:\/\/troisiemecolline.org\/wp-content\/uploads\/2022\/07\/IMG_7986-1024x768.jpg\" height=\"768\" width=\"1024\" alt=\"\" class=\"slider-289 slide-416\" title=\"IMG_7986\" \/><\/li>\n                <li style=\"display: none; width: 100%;\" class=\"slide-417 ms-image\"><img loading=\"lazy\" decoding=\"async\" src=\"https:\/\/troisiemecolline.org\/wp-content\/uploads\/2022\/07\/IMG_7985-1024x768.jpg\" height=\"768\" width=\"1024\" alt=\"\" class=\"slider-289 slide-417\" title=\"IMG_7985\" \/><\/li>\n                <li style=\"display: none; width: 100%;\" class=\"slide-418 ms-image\"><img loading=\"lazy\" decoding=\"async\" src=\"https:\/\/troisiemecolline.org\/wp-content\/uploads\/2022\/07\/IMG_7984-1024x768.jpg\" height=\"768\" width=\"1024\" alt=\"\" class=\"slider-289 slide-418\" title=\"IMG_7984\" \/><\/li>\n                <li style=\"display: none; width: 100%;\" class=\"slide-419 ms-image\"><img loading=\"lazy\" decoding=\"async\" src=\"https:\/\/troisiemecolline.org\/wp-content\/uploads\/2022\/07\/B_9O7A8117_emma_pecqueux-1024x768.jpg\" height=\"768\" width=\"1024\" alt=\"\" class=\"slider-289 slide-419\" title=\"B_9O7A8117_emma_pecqueux\" \/><div class=\"caption-wrap\"><div class=\"caption\">\u00a9Emma Pecqueux<\/div><\/div><\/li>\n                <li style=\"display: none; width: 100%;\" class=\"slide-420 ms-image\"><img loading=\"lazy\" decoding=\"async\" src=\"https:\/\/troisiemecolline.org\/wp-content\/uploads\/2022\/07\/B_9O7A8085_emma_pecqueux-1024x768.jpg\" height=\"768\" width=\"1024\" alt=\"\" class=\"slider-289 slide-420\" title=\"B_9O7A8085_emma_pecqueux\" \/><div class=\"caption-wrap\"><div class=\"caption\">\u00a9Emma Pecqueux<\/div><\/div><\/li>\n                <li style=\"display: none; width: 100%;\" class=\"slide-421 ms-image\"><img loading=\"lazy\" decoding=\"async\" src=\"https:\/\/troisiemecolline.org\/wp-content\/uploads\/2022\/07\/A_ueac22_ambiance_05-1024x768.jpg\" height=\"768\" width=\"1024\" alt=\"\" class=\"slider-289 slide-421\" title=\"A_ueac22_ambiance_05\" \/><\/li>\n                <li style=\"display: none; width: 100%;\" class=\"slide-422 ms-image\"><img loading=\"lazy\" decoding=\"async\" src=\"https:\/\/troisiemecolline.org\/wp-content\/uploads\/2022\/07\/A_ueac22_ambiance_02-1024x768.jpg\" height=\"768\" width=\"1024\" alt=\"\" class=\"slider-289 slide-422\" title=\"A_ueac22_ambiance_02\" \/><\/li>\n            <\/ul>\n        <\/div>\n        \n    <\/div>\n<\/div>\n\n\n\n<figure class=\"wp-block-image size-large\"><img loading=\"lazy\" decoding=\"async\" width=\"724\" height=\"1024\" src=\"http:\/\/troisiemecolline.org\/wp-content\/uploads\/2022\/06\/affiche_un_ete_au_chateau_2022-724x1024.jpg\" alt=\"\" class=\"wp-image-136\" srcset=\"https:\/\/troisiemecolline.org\/wp-content\/uploads\/2022\/06\/affiche_un_ete_au_chateau_2022-724x1024.jpg 724w, https:\/\/troisiemecolline.org\/wp-content\/uploads\/2022\/06\/affiche_un_ete_au_chateau_2022-212x300.jpg 212w, https:\/\/troisiemecolline.org\/wp-content\/uploads\/2022\/06\/affiche_un_ete_au_chateau_2022-768x1086.jpg 768w, https:\/\/troisiemecolline.org\/wp-content\/uploads\/2022\/06\/affiche_un_ete_au_chateau_2022-1086x1536.jpg 1086w, https:\/\/troisiemecolline.org\/wp-content\/uploads\/2022\/06\/affiche_un_ete_au_chateau_2022.jpg 1240w\" sizes=\"auto, (max-width: 724px) 100vw, 724px\" \/><\/figure>\n\n\n\n<p class=\"has-large-font-size\"><strong><em>\u00c9dition 2021<\/em><\/strong><\/p>\n\n\n<div id=\"metaslider-id-171\" style=\"width: 100%;\" class=\"ml-slider-3-27-5 metaslider metaslider-flex metaslider-171 ml-slider\">\n    <div id=\"metaslider_container_171\">\n        <div id=\"metaslider_171\">\n            <ul aria-live=\"polite\" class=\"slides\">\n                <li style=\"display: block; width: 100%;\" class=\"slide-172 ms-image\"><img loading=\"lazy\" decoding=\"async\" src=\"https:\/\/troisiemecolline.org\/wp-content\/uploads\/2022\/07\/IMG_6882-scaled-1024x768.jpg\" height=\"768\" width=\"1024\" alt=\"\" class=\"slider-171 slide-172\" title=\"IMG_6882\" \/><\/li>\n                <li style=\"display: none; width: 100%;\" class=\"slide-176 ms-image\"><img loading=\"lazy\" decoding=\"async\" src=\"https:\/\/troisiemecolline.org\/wp-content\/uploads\/2022\/07\/IMG_6845-scaled-1024x768.jpg\" height=\"768\" width=\"1024\" alt=\"\" class=\"slider-171 slide-176\" title=\"IMG_6845\" \/><\/li>\n                <li style=\"display: none; width: 100%;\" class=\"slide-181 ms-image\"><img loading=\"lazy\" decoding=\"async\" src=\"https:\/\/troisiemecolline.org\/wp-content\/uploads\/2022\/07\/IMG_6937-scaled-1024x768.jpg\" height=\"768\" width=\"1024\" alt=\"\" class=\"slider-171 slide-181\" title=\"IMG_6937\" \/><\/li>\n                <li style=\"display: none; width: 100%;\" class=\"slide-182 ms-image\"><img loading=\"lazy\" decoding=\"async\" src=\"https:\/\/troisiemecolline.org\/wp-content\/uploads\/2022\/07\/IMG_7131-scaled-1024x768.jpg\" height=\"768\" width=\"1024\" alt=\"\" class=\"slider-171 slide-182\" title=\"IMG_7131\" \/><\/li>\n                <li style=\"display: none; width: 100%;\" class=\"slide-183 ms-image\"><img loading=\"lazy\" decoding=\"async\" src=\"https:\/\/troisiemecolline.org\/wp-content\/uploads\/2022\/07\/IMG_7157-scaled-1024x768.jpg\" height=\"768\" width=\"1024\" alt=\"\" class=\"slider-171 slide-183\" title=\"IMG_7157\" \/><\/li>\n                <li style=\"display: none; width: 100%;\" class=\"slide-184 ms-image\"><img loading=\"lazy\" decoding=\"async\" src=\"https:\/\/troisiemecolline.org\/wp-content\/uploads\/2022\/07\/IMG_7174-scaled-1024x768.jpg\" height=\"768\" width=\"1024\" alt=\"\" class=\"slider-171 slide-184\" title=\"IMG_7174\" \/><\/li>\n                <li style=\"display: none; width: 100%;\" class=\"slide-188 ms-image\"><img loading=\"lazy\" decoding=\"async\" src=\"https:\/\/troisiemecolline.org\/wp-content\/uploads\/2022\/07\/IMG_8446-scaled-1024x768.jpg\" height=\"768\" width=\"1024\" alt=\"\" class=\"slider-171 slide-188\" title=\"IMG_8446\" \/><\/li>\n                <li style=\"display: none; width: 100%;\" class=\"slide-237 ms-image\"><img loading=\"lazy\" decoding=\"async\" src=\"https:\/\/troisiemecolline.org\/wp-content\/uploads\/2022\/07\/IMG_7525-scaled-1024x768.jpg\" height=\"768\" width=\"1024\" alt=\"\" class=\"slider-171 slide-237\" title=\"IMG_7525\" \/><\/li>\n                <li style=\"display: none; width: 100%;\" class=\"slide-239 ms-image\"><img loading=\"lazy\" decoding=\"async\" src=\"https:\/\/troisiemecolline.org\/wp-content\/uploads\/2022\/07\/IMG_7355-scaled-1024x768.jpg\" height=\"768\" width=\"1024\" alt=\"\" class=\"slider-171 slide-239\" title=\"IMG_7355\" \/><\/li>\n            <\/ul>\n        <\/div>\n        \n    <\/div>\n<\/div>\n\n\n\n<figure class=\"wp-block-image size-large\"><img loading=\"lazy\" decoding=\"async\" width=\"724\" height=\"1024\" src=\"https:\/\/troisiemecolline.org\/wp-content\/uploads\/2022\/07\/flyerA5-un-ete-au-chateau2021_troisiemecolline-724x1024.jpg\" alt=\"\" class=\"wp-image-166\" srcset=\"https:\/\/troisiemecolline.org\/wp-content\/uploads\/2022\/07\/flyerA5-un-ete-au-chateau2021_troisiemecolline-724x1024.jpg 724w, https:\/\/troisiemecolline.org\/wp-content\/uploads\/2022\/07\/flyerA5-un-ete-au-chateau2021_troisiemecolline-212x300.jpg 212w, https:\/\/troisiemecolline.org\/wp-content\/uploads\/2022\/07\/flyerA5-un-ete-au-chateau2021_troisiemecolline-768x1086.jpg 768w, https:\/\/troisiemecolline.org\/wp-content\/uploads\/2022\/07\/flyerA5-un-ete-au-chateau2021_troisiemecolline.jpg 877w\" sizes=\"auto, (max-width: 724px) 100vw, 724px\" \/><\/figure>\n","protected":false},"excerpt":{"rendered":"<p>Journ\u00e9es d&#8217;ateliers d&#8217;expression et de d\u00e9couverte : peinture, cuisine, yoga, construction, jardinage, \u00e9criture, projection de film &#8230; Les activit\u00e9s sont install\u00e9es dans l&#8217;all\u00e9e bord\u00e9e d&#8217;arbres de la cour de l&#8217;\u00e9cole des Foug\u00e8res. Tout public, gratuit, sans inscription. \u00c9dition 2024 Un printemps au Ch\u00e2teau Au Centre social Sauvegarde : 7 juin et 11 juin A la&hellip; <a class=\"more-link\" href=\"https:\/\/troisiemecolline.org\/index.php\/un-ete-au-chateau\/\">Continue reading <span class=\"screen-reader-text\">Un \u00e9t\u00e9 au Ch\u00e2teau<\/span><\/a><\/p>\n","protected":false},"author":1,"featured_media":0,"parent":0,"menu_order":0,"comment_status":"closed","ping_status":"closed","template":"","meta":{"footnotes":""},"class_list":["post-141","page","type-page","status-publish","hentry","entry"],"_links":{"self":[{"href":"https:\/\/troisiemecolline.org\/index.php\/wp-json\/wp\/v2\/pages\/141","targetHints":{"allow":["GET"]}}],"collection":[{"href":"https:\/\/troisiemecolline.org\/index.php\/wp-json\/wp\/v2\/pages"}],"about":[{"href":"https:\/\/troisiemecolline.org\/index.php\/wp-json\/wp\/v2\/types\/page"}],"author":[{"embeddable":true,"href":"https:\/\/troisiemecolline.org\/index.php\/wp-json\/wp\/v2\/users\/1"}],"replies":[{"embeddable":true,"href":"https:\/\/troisiemecolline.org\/index.php\/wp-json\/wp\/v2\/comments?post=141"}],"version-history":[{"count":14,"href":"https:\/\/troisiemecolline.org\/index.php\/wp-json\/wp\/v2\/pages\/141\/revisions"}],"predecessor-version":[{"id":744,"href":"https:\/\/troisiemecolline.org\/index.php\/wp-json\/wp\/v2\/pages\/141\/revisions\/744"}],"wp:attachment":[{"href":"https:\/\/troisiemecolline.org\/index.php\/wp-json\/wp\/v2\/media?parent=141"}],"curies":[{"name":"wp","href":"https:\/\/api.w.org\/{rel}","templated":true}]}}